{"id":76,"date":"2017-02-22T16:00:56","date_gmt":"2017-02-22T15:00:56","guid":{"rendered":"http:\/\/192.168.1.64\/azurbikini.com\/?page_id=76"},"modified":"2023-05-17T18:29:29","modified_gmt":"2023-05-17T16:29:29","slug":"azur-bikini-artigianali-tagliati-cuciti-decorati-a-mano","status":"publish","type":"page","link":"https:\/\/www.azurbikini.com\/it\/azur-bikini-artigianali-tagliati-cuciti-decorati-a-mano\/","title":{"rendered":"BENVENUTI NEL MONDO DI AZUR!"},"content":{"rendered":"<p><em style=\"font-size: revert;\">\u00a0 ~ Quando l\u2019eleganza incontra il comfort~\u00a0<br \/>Azur \u00e8 voglia e passione di creare una collezione di bikini artigianali- Made in Italy 100% &#8211; di altissima qualit\u00e0. \u00a0 \u00a0<\/em><\/p>\n<p><em>La ricerca dei materiali per noi \u00e8 davvero importante: Azur utilizza stoffe pregiate, piacevoli al tatto e molto confortevoli.\u00a0I nostri bikini non segnano, non stringono: la vestibilit\u00e0 per noi \u00e8 tutto ed \u00e8 studiata dalle donne per le donne. Grazie alla mezza taglia inserita -una nostra esclusiva- il costume Azur diventa \u201csu misura\u201d, perfetto per Te. <\/em><\/p>\n<p><em>Amore, impegno, passione ed unicit\u00e0: le collezioni sartoriali Azur Bikini, dalla forte identit\u00e0 italiana,\u00a0 sono originali e ricercate, realizzate con passione e grande attenzione per i dettagli e il design.\u00a0 Il nostro brand nasce nella provincia di Venezia dove, ogni giorno, ci impegniamo per proporti bikini in edizione limitata.<\/em><\/p>\n<p><em>I bikini Azur sono tagliati, cuciti e decorati interamente a mano in Veneto, in laboratori di alta sartoria: ogni nostro prodotto \u00e8 da considerarsi unico, originale ed esclusivo.<\/em><\/p>\n<h3><em>\u00a0A-mare 2023<\/em><\/h3>\n<p>Bellezza. Leggerezza. Comfort.<\/p>\n<p>A-mare: \u00a0una collezione raffinata, di alta sartoria, per donne che vogliono sentirsi belle, speciali e sempre a proprio agio anche in bikini. Dedicata a chi vuole distinguersi e non confondersi in prodotti tutti uguali &amp; fatti in serie.\u00a0<\/p>\n<p>Tessuti brillanti, elasticizzati, setosi, infiniti riflessi di luce. \u00a0Ricami preziosi, fiori, perle e cristalli interamente applicati a mano.\u00a0<\/p>\n<p><i>Continua il successo della collazione continuativa: pizzo, passamanerie lurex, fiori di tulle, fiori ricamati, pailettes tono su tono su tessuti laminati, metallici, effetto specchio e glitterati: tutto\u00a0rigorosamente fatto a Venezia con soli materiali italiani.\u00a0<\/i><\/p>\n<p>A grande richiesta la stampa esclusiva Diamante impreziosita da cristalli pura luce.<\/p>\n<p>Un&#8217;attesissima new entry della collezione polvere di stelle: lo Smeraldo pi\u00f9 prezioso.\u00a0<\/p>\n<p><em>Una collezione tutta d&#8217;A-mare \u00a0dedicata alle donne che amano una femminilit\u00e0 raffinata dalla personalit\u00e0 forte e ricercata&#8230;indossala da mattina a sera &#8230;non solo in spiaggia!\u00a0<\/em><\/p>\n<p>Italiano, etico, inclusivo &amp; sostenibile. Azur Bikini \u00e8 cos\u00ec.\u00a0<\/p>\n<p><i>\u00a0100% Fatto in\u00a0Italia con orgoglio &#8211;\u00a0<\/i><em>\u00a0Venezia<\/em><\/p>\n<p><a href=\"http:\/\/www.azurbikini.com\"><em>www.azurbikini.com<\/em><\/a><\/p>\n<p style=\"text-align: left;\">\u00a0<\/p>\n\n\n<p><\/p>","protected":false},"excerpt":{"rendered":"<p>\u00a0 ~ Quando l\u2019eleganza incontra il comfort~\u00a0Azur \u00e8 voglia e passione di creare una collezione di bikini artigianali- Made in Italy 100% &#8211; di altissima qualit\u00e0. \u00a0 \u00a0 La ricerca dei materiali per noi \u00e8 davvero importante: Azur utilizza stoffe pregiate, piacevoli al tatto e molto confortevoli.\u00a0I nostri bikini non segnano, non stringono: la vestibilit\u00e0 &hellip; <\/p>\n<p class=\"link-more\"><a href=\"https:\/\/www.azurbikini.com\/it\/azur-bikini-artigianali-tagliati-cuciti-decorati-a-mano\/\" class=\"more-link\">Leggi tutto<span class=\"screen-reader-text\"> &#8220;BENVENUTI NEL MONDO DI AZUR!&#8221;<\/span><\/a><\/p>\n","protected":false},"author":1,"featured_media":0,"parent":0,"menu_order":0,"comment_status":"closed","ping_status":"closed","template":"","meta":{"footnotes":""},"class_list":["post-76","page","type-page","status-publish","hentry"],"yoast_head":"<!-- This site is optimized with the Yoast SEO plugin v27.3 - https:\/\/yoast.com\/product\/yoast-seo-wordpress\/ -->\n<title>BENVENUTI NEL MONDO DI AZUR! Bikini artigianali tagliati cuciti e decorati interamente a mano | Azur Bikini | Handmade in Italy - Venezia<\/title>\n<meta name=\"description\" content=\"Azur \u00e8 voglia e passione di creare una collezione di bikini artigianali - Made in Italy 100% - di altissima qualit\u00e0. Utiliziamo stoffe pregiate, piacevoli al tatto e molto confortevoli.\u00a0I nostri bikini non segnano, non stringono. I bikini Azur sono tagliati, cuciti e decorati interamente a mano in Veneto, in laboratori di alta sartoria: ogni nostro prodotto \u00e8 da considerarsi unico, originale ed esclusivo.\" \/>\n<meta name=\"robots\" content=\"index, follow, max-snippet:-1, max-image-preview:large, max-video-preview:-1\" \/>\n<link rel=\"canonical\" href=\"https:\/\/www.azurbikini.com\/it\/azur-bikini-artigianali-tagliati-cuciti-decorati-a-mano\/\" \/>\n<meta property=\"og:locale\" content=\"it_IT\" \/>\n<meta property=\"og:type\" content=\"article\" \/>\n<meta property=\"og:title\" content=\"BENVENUTI NEL MONDO DI AZUR! Bikini artigianali tagliati cuciti e decorati interamente a mano | Azur Bikini | Handmade in Italy - Venezia\" \/>\n<meta property=\"og:description\" content=\"Azur \u00e8 voglia e passione di creare una collezione di bikini artigianali - Made in Italy 100% - di altissima qualit\u00e0. Utiliziamo stoffe pregiate, piacevoli al tatto e molto confortevoli.\u00a0I nostri bikini non segnano, non stringono. I bikini Azur sono tagliati, cuciti e decorati interamente a mano in Veneto, in laboratori di alta sartoria: ogni nostro prodotto \u00e8 da considerarsi unico, originale ed esclusivo.\" \/>\n<meta property=\"og:url\" content=\"https:\/\/www.azurbikini.com\/it\/azur-bikini-artigianali-tagliati-cuciti-decorati-a-mano\/\" \/>\n<meta property=\"og:site_name\" content=\"Azur Bikini\" \/>\n<meta property=\"article:publisher\" content=\"https:\/\/www.facebook.com\/azurbikini\/\" \/>\n<meta property=\"article:modified_time\" content=\"2023-05-17T16:29:29+00:00\" \/>\n<meta name=\"twitter:card\" content=\"summary_large_image\" \/>\n<meta name=\"twitter:label1\" content=\"Tempo di lettura stimato\" \/>\n\t<meta name=\"twitter:data1\" content=\"2 minuti\" \/>\n<script type=\"application\/ld+json\" class=\"yoast-schema-graph\">{\"@context\":\"https:\\\/\\\/schema.org\",\"@graph\":[{\"@type\":\"WebPage\",\"@id\":\"https:\\\/\\\/www.azurbikini.com\\\/it\\\/azur-bikini-artigianali-tagliati-cuciti-decorati-a-mano\\\/\",\"url\":\"https:\\\/\\\/www.azurbikini.com\\\/it\\\/azur-bikini-artigianali-tagliati-cuciti-decorati-a-mano\\\/\",\"name\":\"BENVENUTI NEL MONDO DI AZUR! Bikini artigianali tagliati cuciti e decorati interamente a mano | Azur Bikini | Handmade in Italy - Venezia\",\"isPartOf\":{\"@id\":\"https:\\\/\\\/www.azurbikini.com\\\/it\\\/#website\"},\"datePublished\":\"2017-02-22T15:00:56+00:00\",\"dateModified\":\"2023-05-17T16:29:29+00:00\",\"description\":\"Azur \u00e8 voglia e passione di creare una collezione di bikini artigianali - Made in Italy 100% - di altissima qualit\u00e0. Utiliziamo stoffe pregiate, piacevoli al tatto e molto confortevoli.\u00a0I nostri bikini non segnano, non stringono. I bikini Azur sono tagliati, cuciti e decorati interamente a mano in Veneto, in laboratori di alta sartoria: ogni nostro prodotto \u00e8 da considerarsi unico, originale ed esclusivo.\",\"breadcrumb\":{\"@id\":\"https:\\\/\\\/www.azurbikini.com\\\/it\\\/azur-bikini-artigianali-tagliati-cuciti-decorati-a-mano\\\/#breadcrumb\"},\"inLanguage\":\"it-IT\",\"potentialAction\":[{\"@type\":\"ReadAction\",\"target\":[[\"https:\\\/\\\/www.azurbikini.com\\\/it\\\/azur-bikini-artigianali-tagliati-cuciti-decorati-a-mano\\\/\"]]}]},{\"@type\":\"BreadcrumbList\",\"@id\":\"https:\\\/\\\/www.azurbikini.com\\\/it\\\/azur-bikini-artigianali-tagliati-cuciti-decorati-a-mano\\\/#breadcrumb\",\"itemListElement\":[{\"@type\":\"ListItem\",\"position\":1,\"name\":\"Home\",\"item\":\"https:\\\/\\\/www.azurbikini.com\\\/it\\\/\"},{\"@type\":\"ListItem\",\"position\":2,\"name\":\"BENVENUTI NEL MONDO DI AZUR!\"}]},{\"@type\":\"WebSite\",\"@id\":\"https:\\\/\\\/www.azurbikini.com\\\/it\\\/#website\",\"url\":\"https:\\\/\\\/www.azurbikini.com\\\/it\\\/\",\"name\":\"Azur Bikini\",\"description\":\"Handmade in Italy - Venezia\",\"publisher\":{\"@id\":\"https:\\\/\\\/www.azurbikini.com\\\/it\\\/#organization\"},\"potentialAction\":[{\"@type\":\"SearchAction\",\"target\":{\"@type\":\"EntryPoint\",\"urlTemplate\":\"https:\\\/\\\/www.azurbikini.com\\\/it\\\/?s={search_term_string}\"},\"query-input\":{\"@type\":\"PropertyValueSpecification\",\"valueRequired\":true,\"valueName\":\"search_term_string\"}}],\"inLanguage\":\"it-IT\"},{\"@type\":\"Organization\",\"@id\":\"https:\\\/\\\/www.azurbikini.com\\\/it\\\/#organization\",\"name\":\"AZUR BIKINI\",\"url\":\"https:\\\/\\\/www.azurbikini.com\\\/it\\\/\",\"logo\":{\"@type\":\"ImageObject\",\"inLanguage\":\"it-IT\",\"@id\":\"https:\\\/\\\/www.azurbikini.com\\\/it\\\/#\\\/schema\\\/logo\\\/image\\\/\",\"url\":\"https:\\\/\\\/www.azurbikini.com\\\/wp-content\\\/uploads\\\/2017\\\/03\\\/Azur_bikini_logotype.png\",\"contentUrl\":\"https:\\\/\\\/www.azurbikini.com\\\/wp-content\\\/uploads\\\/2017\\\/03\\\/Azur_bikini_logotype.png\",\"width\":400,\"height\":200,\"caption\":\"AZUR BIKINI\"},\"image\":{\"@id\":\"https:\\\/\\\/www.azurbikini.com\\\/it\\\/#\\\/schema\\\/logo\\\/image\\\/\"},\"sameAs\":[\"https:\\\/\\\/www.facebook.com\\\/azurbikini\\\/\",\"https:\\\/\\\/www.instagram.com\\\/azurbikini\\\/\"]}]}<\/script>\n<!-- \/ Yoast SEO plugin. -->","yoast_head_json":{"title":"BENVENUTI NEL MONDO DI AZUR! Bikini artigianali tagliati cuciti e decorati interamente a mano | Azur Bikini | Handmade in Italy - Venezia","description":"Azur \u00e8 voglia e passione di creare una collezione di bikini artigianali - Made in Italy 100% - di altissima qualit\u00e0. Utiliziamo stoffe pregiate, piacevoli al tatto e molto confortevoli.\u00a0I nostri bikini non segnano, non stringono. I bikini Azur sono tagliati, cuciti e decorati interamente a mano in Veneto, in laboratori di alta sartoria: ogni nostro prodotto \u00e8 da considerarsi unico, originale ed esclusivo.","robots":{"index":"index","follow":"follow","max-snippet":"max-snippet:-1","max-image-preview":"max-image-preview:large","max-video-preview":"max-video-preview:-1"},"canonical":"https:\/\/www.azurbikini.com\/it\/azur-bikini-artigianali-tagliati-cuciti-decorati-a-mano\/","og_locale":"it_IT","og_type":"article","og_title":"BENVENUTI NEL MONDO DI AZUR! Bikini artigianali tagliati cuciti e decorati interamente a mano | Azur Bikini | Handmade in Italy - Venezia","og_description":"Azur \u00e8 voglia e passione di creare una collezione di bikini artigianali - Made in Italy 100% - di altissima qualit\u00e0. Utiliziamo stoffe pregiate, piacevoli al tatto e molto confortevoli.\u00a0I nostri bikini non segnano, non stringono. I bikini Azur sono tagliati, cuciti e decorati interamente a mano in Veneto, in laboratori di alta sartoria: ogni nostro prodotto \u00e8 da considerarsi unico, originale ed esclusivo.","og_url":"https:\/\/www.azurbikini.com\/it\/azur-bikini-artigianali-tagliati-cuciti-decorati-a-mano\/","og_site_name":"Azur Bikini","article_publisher":"https:\/\/www.facebook.com\/azurbikini\/","article_modified_time":"2023-05-17T16:29:29+00:00","twitter_card":"summary_large_image","twitter_misc":{"Tempo di lettura stimato":"2 minuti"},"schema":{"@context":"https:\/\/schema.org","@graph":[{"@type":"WebPage","@id":"https:\/\/www.azurbikini.com\/it\/azur-bikini-artigianali-tagliati-cuciti-decorati-a-mano\/","url":"https:\/\/www.azurbikini.com\/it\/azur-bikini-artigianali-tagliati-cuciti-decorati-a-mano\/","name":"BENVENUTI NEL MONDO DI AZUR! Bikini artigianali tagliati cuciti e decorati interamente a mano | Azur Bikini | Handmade in Italy - Venezia","isPartOf":{"@id":"https:\/\/www.azurbikini.com\/it\/#website"},"datePublished":"2017-02-22T15:00:56+00:00","dateModified":"2023-05-17T16:29:29+00:00","description":"Azur \u00e8 voglia e passione di creare una collezione di bikini artigianali - Made in Italy 100% - di altissima qualit\u00e0. Utiliziamo stoffe pregiate, piacevoli al tatto e molto confortevoli.\u00a0I nostri bikini non segnano, non stringono. I bikini Azur sono tagliati, cuciti e decorati interamente a mano in Veneto, in laboratori di alta sartoria: ogni nostro prodotto \u00e8 da considerarsi unico, originale ed esclusivo.","breadcrumb":{"@id":"https:\/\/www.azurbikini.com\/it\/azur-bikini-artigianali-tagliati-cuciti-decorati-a-mano\/#breadcrumb"},"inLanguage":"it-IT","potentialAction":[{"@type":"ReadAction","target":[["https:\/\/www.azurbikini.com\/it\/azur-bikini-artigianali-tagliati-cuciti-decorati-a-mano\/"]]}]},{"@type":"BreadcrumbList","@id":"https:\/\/www.azurbikini.com\/it\/azur-bikini-artigianali-tagliati-cuciti-decorati-a-mano\/#breadcrumb","itemListElement":[{"@type":"ListItem","position":1,"name":"Home","item":"https:\/\/www.azurbikini.com\/it\/"},{"@type":"ListItem","position":2,"name":"BENVENUTI NEL MONDO DI AZUR!"}]},{"@type":"WebSite","@id":"https:\/\/www.azurbikini.com\/it\/#website","url":"https:\/\/www.azurbikini.com\/it\/","name":"Azur Bikini","description":"Handmade in Italy - Venezia","publisher":{"@id":"https:\/\/www.azurbikini.com\/it\/#organization"},"potentialAction":[{"@type":"SearchAction","target":{"@type":"EntryPoint","urlTemplate":"https:\/\/www.azurbikini.com\/it\/?s={search_term_string}"},"query-input":{"@type":"PropertyValueSpecification","valueRequired":true,"valueName":"search_term_string"}}],"inLanguage":"it-IT"},{"@type":"Organization","@id":"https:\/\/www.azurbikini.com\/it\/#organization","name":"AZUR BIKINI","url":"https:\/\/www.azurbikini.com\/it\/","logo":{"@type":"ImageObject","inLanguage":"it-IT","@id":"https:\/\/www.azurbikini.com\/it\/#\/schema\/logo\/image\/","url":"https:\/\/www.azurbikini.com\/wp-content\/uploads\/2017\/03\/Azur_bikini_logotype.png","contentUrl":"https:\/\/www.azurbikini.com\/wp-content\/uploads\/2017\/03\/Azur_bikini_logotype.png","width":400,"height":200,"caption":"AZUR BIKINI"},"image":{"@id":"https:\/\/www.azurbikini.com\/it\/#\/schema\/logo\/image\/"},"sameAs":["https:\/\/www.facebook.com\/azurbikini\/","https:\/\/www.instagram.com\/azurbikini\/"]}]}},"_links":{"self":[{"href":"https:\/\/www.azurbikini.com\/it\/wp-json\/wp\/v2\/pages\/76","targetHints":{"allow":["GET"]}}],"collection":[{"href":"https:\/\/www.azurbikini.com\/it\/wp-json\/wp\/v2\/pages"}],"about":[{"href":"https:\/\/www.azurbikini.com\/it\/wp-json\/wp\/v2\/types\/page"}],"author":[{"embeddable":true,"href":"https:\/\/www.azurbikini.com\/it\/wp-json\/wp\/v2\/users\/1"}],"replies":[{"embeddable":true,"href":"https:\/\/www.azurbikini.com\/it\/wp-json\/wp\/v2\/comments?post=76"}],"version-history":[{"count":35,"href":"https:\/\/www.azurbikini.com\/it\/wp-json\/wp\/v2\/pages\/76\/revisions"}],"predecessor-version":[{"id":3981,"href":"https:\/\/www.azurbikini.com\/it\/wp-json\/wp\/v2\/pages\/76\/revisions\/3981"}],"wp:attachment":[{"href":"https:\/\/www.azurbikini.com\/it\/wp-json\/wp\/v2\/media?parent=76"}],"curies":[{"name":"wp","href":"https:\/\/api.w.org\/{rel}","templated":true}]}}