{"id":383,"date":"2017-03-10T12:57:02","date_gmt":"2017-03-10T11:57:02","guid":{"rendered":"http:\/\/192.168.1.64\/azurbikini.com\/?page_id=383"},"modified":"2019-04-17T12:31:28","modified_gmt":"2019-04-17T10:31:28","slug":"privacy-policy","status":"publish","type":"page","link":"https:\/\/www.azurbikini.com\/it\/privacy-policy\/","title":{"rendered":"PRIVACY POLICY"},"content":{"rendered":"<p><span class=\"testo\">In questa pagina si descrivono le modalit\u00e0 di gestione del Sito in riferimento al trattamento dei dati personali degli utenti che lo consultano.<br>L&#8217;informativa \u00e8 resa ai sensi dell&#8217;<a href=\"http:\/\/www.garanteprivacy.it\/garante\/doc.jsp?ID=1311248#articolo13\" target=\"_blank\" rel=\"noopener noreferrer\">art. 13 del d.lg. n. 196\/2003 &#8211; Codice in materia di protezione dei dati personali<\/a>&nbsp;a tutti gli Utenti che, interagendo con il Sito, forniscono i propri dati personali.<br>La validit\u00e0 dell\u2019informativa contenuta nella presente pagina \u00e8 limitata al solo Sito e non si estende ad altri siti web eventualmente consultabili mediante collegamento ipertestuale.<br><\/span><\/p>\n<p><strong>Il Titolare del trattamento<\/strong><\/p>\n<p><span class=\"testo\">Il Titolare del trattamento dei dati, relativi a persone identificate o identificabili che hanno consultato questo Sito \u00e8&nbsp;<strong>AZUR BIKINI<\/strong>, con indirizzo email&nbsp;<strong><a href=\"mailto:info@azurbikini.com\">info@azurbikini.com<\/a><\/strong>.&nbsp;<\/span><\/p>\n<p><span class=\"sottotitoli\">Modalit\u00e0 e luogo del trattamento dei Dati raccolti<\/span><\/p>\n<p><span class=\"testo\"><strong><em>Modalit\u00e0 di trattamento<\/em><\/strong><br>Il Titolare tratta i Dati Personali degli Utenti adottando le opportune misure di sicurezza volte ad impedire l\u2019accesso, la divulgazione, la modifica o la distruzione non autorizzate dei Dati Personali.<br>Il trattamento viene effettuato mediante strumenti informatici e\/o telematici, con modalit\u00e0 organizzative e con logiche strettamente correlate alle finalit\u00e0 indicate.<br>Oltre al Titolare, in alcuni casi, potrebbero avere accesso ai Dati categorie di incaricati coinvolti nell\u2019organizzazione del Sito (personale amministrativo, commerciale, marketing, amministratori di sistema) ovvero soggetti esterni nominati anche, se necessario, Responsabili del Trattamento da parte del Titolare. L\u2019elenco aggiornato dei Responsabili potr\u00e0 sempre essere richiesto al Titolare del Trattamento.<\/span><\/p>\n<p><em><strong>Luogo<\/strong><\/em><br>I Dati sono trattati presso la predetta sede del Titolare ed in ogni altro luogo in cui le parti coinvolte nel trattamento siano localizzate. Per ulteriori informazioni, contattare il Titolare.<\/p>\n<p><em><strong>Tempi<\/strong><\/em><br>I Dati sono trattati per il tempo necessario allo svolgimento del servizio richiesto dall\u2019Utente, o richiesto dalle finalit\u00e0 descritte in questo documento, e l\u2019Utente pu\u00f2 sempre chiedere l\u2019interruzione del Trattamento o la cancellazione dei Dati.<\/p>\n<p><strong>Tipologia di dati trattati<\/strong><\/p>\n<p><span class=\"testo\"><em><strong>Dati di navigazione<\/strong><\/em><br>I sistemi informatici e le procedure software preposte al funzionamento di questo Sito acquisiscono, nel corso del loro normale esercizio, alcuni dati personali la cui trasmissione \u00e8 implicita nell&#8217;uso dei protocolli di comunicazione di Internet.&nbsp;Si tratta di informazioni che non sono raccolte per essere associate a interessati identificati, ma che per loro stessa natura potrebbero, attraverso elaborazioni ed associazioni con dati detenuti da terzi, permettere di identificare gli utenti.&nbsp;Tra i dati raccolti sono compresi gli indirizzi IP o i nomi di dominio dei computer utilizzati dagli Utenti che si connettono al Sito, gli indirizzi in notazione URI (Uniform Resource Identifier)&nbsp;delle risorse richieste, l\u2019orario della richiesta, il metodo utilizzato nel sottoporre la richiesta al server, la dimensione del file ottenuto in risposta, il codice numerico indicante lo stato della risposta data dal (buon fine, errore, ecc.) ed altri parametri riguardanti il sistema operativo e l\u2019ambiente informatico utilizzato dall\u2019Utente. Questi dati vengono utilizzati al solo fine di ricavare informazioni statistiche anonime sull&#8217;uso del Sito e per controllarne il corretto funzionamento e vengono cancellati immediatamente dopo l&#8217;elaborazione. I dati potrebbero essere&nbsp;utilizzati per l&#8217;accertamento di responsabilit\u00e0 in caso di ipotetici reati informatici ai danni del Sito: salva questa eventualit\u00e0, allo stato i dati sui contatti web&nbsp;non persistono per pi\u00f9 di sette giorni.<\/span><\/p>\n<p><em><strong>Dati forniti volontariamente dall\u2019Utente<\/strong><\/em><br>L\u2019invio facoltativo, volontario ed esplicito di posta elettronica agli indirizzi indicati nei differenti canali di accesso di questo Sito e la compilazione degli eventuali \u201cform\u201d specificamente predisposti comportano la successiva acquisizione dell\u2019indirizzo e dei dati del mittente\/Utente, necessari per rispondere alle istanze prodotte e\/o erogare il servizio richiesto.<br>Il mancato conferimento da parte dell\u2019Utente di alcuni dati personali potrebbe impedire a questo Sito di erogare i propri servizi.<br>Specifiche informative di sintesi potranno essere riportate o visualizzate nelle pagine del Sito predisposte per particolari servizi a richiesta.<br>Non sono utilizzate in alcun modo tecniche informatiche per l&#8217;acquisizione diretta di dati personali identificativi dell\u2019Utente.<br>L&#8217;Utente si assume la responsabilit\u00e0 dei dati personali di terzi pubblicati o condivisi mediante questo Sito e garantisce di avere il diritto di comunicarli o diffonderli, liberando il Titolare da qualsiasi responsabilit\u00e0 verso terzi.<\/p>\n<p><em><strong>Cookies<\/strong><\/em><br>Per maggiori informazioni circa l&#8217;utilizzo dei cookie da parte del nostro Sito e di aziende terze vi invitiamo a visitare&nbsp;<a href=\"http:\/\/www.azurbikini.com\/cookie-policy\/\">questa pagina<\/a>&nbsp;dove potrete consultare l&#8217;informativa dettagliata (cd. cookie policy).<\/p>\n<p><em><strong>Finalit\u00e0 del trattamento dei dati&nbsp;<\/strong><\/em><br><span class=\"testo\">Tutti i dati personali forniti attraverso il Sito saranno trattati in modo lecito e secondo correttezza al fine di fornire i servizi richiesti nonch\u00e9 di rispondere alle comunicazioni ed alle domande degli Utenti, sempre nel perseguimento degli scopi istituzionali cos\u00ec come previsti dalla Legge.<br>\u2022 I file di log verranno trattati per controllare il corretto funzionamento del sito<br>\u2022 I dati personali forniti volontariamente dall\u2019Utente verranno trattati:<br>&#8211; per poter fornire i servizi richiesti;<br>&#8211; per poter elaborare specifiche richieste degli utenti in modo automatico o manuale.<br>\u2022 I cookie verranno trattati in conformit\u00e0 a quanto indicato nell&#8217;apposita informativa (cd. cookie policy).<br><\/span><\/p>\n<p><em><strong>Facoltativit\u00e0 del conferimento dei dati<\/strong><\/em><br><span class=\"testo\">A parte quanto specificato per i dati di navigazione (file di log), in parte per i cookies (che comunque possono essere bloccati e\/o cancellati mediante apposite funzionalit\u00e0 integrate nel browser), l&#8217;utente \u00e8 libero di fornire o meno i dati personali indicati nei moduli di registrazione e\/o di richiesta informazioni; tuttavia, in caso di mancato conferimento dei dati contrassegnati come obbligatori all\u2019interno dei moduli di richiesta, il Sito non sar\u00e0 in grado di fornire all\u2019Utente il servizio di volta in volta richiesto.<\/span><\/p>\n<p><em><strong>Diritti degli interessati<\/strong><\/em><br><span class=\"testo\">I soggetti cui si riferiscono i dati personali possono esercitare in qualsiasi momento i diritti previsti dall\u2019<a href=\"http:\/\/www.garanteprivacy.it\/garante\/doc.jsp?ID=1311248#articolo7\" target=\"_blank\" rel=\"noopener noreferrer\">articolo 7 del Codice in materia di protezione dei dati personali<\/a>, al fine di ottenere la conferma dell&#8217;esistenza o meno dei loro dati personali e di conoscerne il contenuto e l&#8217;origine, verificarne l&#8217;esattezza o chiederne l&#8217;integrazione o l&#8217;aggiornamento, oppure la rettificazione. Ai sensi della medesima disposizione si potr\u00e0 inoltre chiedere la cancellazione, la trasformazione in forma anonima o il blocco dei dati trattati in violazione di legge, nonch\u00e9 opporsi in ogni caso, per motivi legittimi, al loro trattamento.<br>Le richieste vanno rivolte ai seguenti recapiti:<br>email:&nbsp;<strong><a href=\"mailto:info@azurbikini.com\">info@azurbikini.com<\/a><\/strong><br><\/span><\/p>\n<p><em><strong>Aggiornamenti<\/strong><\/em><br><span class=\"testo\">La Privacy Policy di questo Sito \u00e8 soggetta ad aggiornamenti; gli Utenti sono pertanto invitati a verificarne periodicamente il contenuto.<\/span><\/p>\n\n\n<p><\/p>","protected":false},"excerpt":{"rendered":"<p>In questa pagina si descrivono le modalit\u00e0 di gestione del Sito in riferimento al trattamento dei dati personali degli utenti che lo consultano.L&#8217;informativa \u00e8 resa ai sensi dell&#8217;art. 13 del d.lg. n. 196\/2003 &#8211; Codice in materia di protezione dei dati personali&nbsp;a tutti gli Utenti che, interagendo con il Sito, forniscono i propri dati personali.La &hellip; <\/p>\n<p class=\"link-more\"><a href=\"https:\/\/www.azurbikini.com\/it\/privacy-policy\/\" class=\"more-link\">Leggi tutto<span class=\"screen-reader-text\"> &#8220;PRIVACY POLICY&#8221;<\/span><\/a><\/p>\n","protected":false},"author":1,"featured_media":0,"parent":0,"menu_order":0,"comment_status":"closed","ping_status":"closed","template":"","meta":{"footnotes":""},"class_list":["post-383","page","type-page","status-publish","hentry"],"yoast_head":"<!-- This site is optimized with the Yoast SEO plugin v27.3 - https:\/\/yoast.com\/product\/yoast-seo-wordpress\/ -->\n<title>PRIVACY POLICY | Azur Bikini | Handmade in Italy - Venezia<\/title>\n<meta name=\"description\" content=\"(Italiano) Acquista online i nostri bikini sartoriali, \u00e8 facile e sicuro! Ora disponibile la nuova collezione Azur Bikini 2019 e scegli il tuo costume preferito\" \/>\n<meta name=\"robots\" content=\"index, follow, max-snippet:-1, max-image-preview:large, max-video-preview:-1\" \/>\n<link rel=\"canonical\" href=\"https:\/\/www.azurbikini.com\/it\/privacy-policy\/\" \/>\n<meta property=\"og:locale\" content=\"it_IT\" \/>\n<meta property=\"og:type\" content=\"article\" \/>\n<meta property=\"og:title\" content=\"PRIVACY POLICY | Azur Bikini | Handmade in Italy - Venezia\" \/>\n<meta property=\"og:description\" content=\"(Italiano) Acquista online i nostri bikini sartoriali, \u00e8 facile e sicuro! Ora disponibile la nuova collezione Azur Bikini 2019 e scegli il tuo costume preferito\" \/>\n<meta property=\"og:url\" content=\"https:\/\/www.azurbikini.com\/it\/privacy-policy\/\" \/>\n<meta property=\"og:site_name\" content=\"Azur Bikini\" \/>\n<meta property=\"article:publisher\" content=\"https:\/\/www.facebook.com\/azurbikini\/\" \/>\n<meta property=\"article:modified_time\" content=\"2019-04-17T10:31:28+00:00\" \/>\n<meta name=\"twitter:card\" content=\"summary_large_image\" \/>\n<meta name=\"twitter:label1\" content=\"Tempo di lettura stimato\" \/>\n\t<meta name=\"twitter:data1\" content=\"10 minuti\" \/>\n<script type=\"application\/ld+json\" class=\"yoast-schema-graph\">{\"@context\":\"https:\\\/\\\/schema.org\",\"@graph\":[{\"@type\":\"WebPage\",\"@id\":\"https:\\\/\\\/www.azurbikini.com\\\/it\\\/privacy-policy\\\/\",\"url\":\"https:\\\/\\\/www.azurbikini.com\\\/it\\\/privacy-policy\\\/\",\"name\":\"PRIVACY POLICY | Azur Bikini | Handmade in Italy - Venezia\",\"isPartOf\":{\"@id\":\"https:\\\/\\\/www.azurbikini.com\\\/it\\\/#website\"},\"datePublished\":\"2017-03-10T11:57:02+00:00\",\"dateModified\":\"2019-04-17T10:31:28+00:00\",\"description\":\"(Italiano) Acquista online i nostri bikini sartoriali, \u00e8 facile e sicuro! Ora disponibile la nuova collezione Azur Bikini 2019 e scegli il tuo costume preferito\",\"breadcrumb\":{\"@id\":\"https:\\\/\\\/www.azurbikini.com\\\/it\\\/privacy-policy\\\/#breadcrumb\"},\"inLanguage\":\"it-IT\",\"potentialAction\":[{\"@type\":\"ReadAction\",\"target\":[[\"https:\\\/\\\/www.azurbikini.com\\\/it\\\/privacy-policy\\\/\"]]}]},{\"@type\":\"BreadcrumbList\",\"@id\":\"https:\\\/\\\/www.azurbikini.com\\\/it\\\/privacy-policy\\\/#breadcrumb\",\"itemListElement\":[{\"@type\":\"ListItem\",\"position\":1,\"name\":\"Home\",\"item\":\"https:\\\/\\\/www.azurbikini.com\\\/it\\\/\"},{\"@type\":\"ListItem\",\"position\":2,\"name\":\"PRIVACY POLICY\"}]},{\"@type\":\"WebSite\",\"@id\":\"https:\\\/\\\/www.azurbikini.com\\\/it\\\/#website\",\"url\":\"https:\\\/\\\/www.azurbikini.com\\\/it\\\/\",\"name\":\"Azur Bikini\",\"description\":\"Handmade in Italy - Venezia\",\"publisher\":{\"@id\":\"https:\\\/\\\/www.azurbikini.com\\\/it\\\/#organization\"},\"potentialAction\":[{\"@type\":\"SearchAction\",\"target\":{\"@type\":\"EntryPoint\",\"urlTemplate\":\"https:\\\/\\\/www.azurbikini.com\\\/it\\\/?s={search_term_string}\"},\"query-input\":{\"@type\":\"PropertyValueSpecification\",\"valueRequired\":true,\"valueName\":\"search_term_string\"}}],\"inLanguage\":\"it-IT\"},{\"@type\":\"Organization\",\"@id\":\"https:\\\/\\\/www.azurbikini.com\\\/it\\\/#organization\",\"name\":\"AZUR BIKINI\",\"url\":\"https:\\\/\\\/www.azurbikini.com\\\/it\\\/\",\"logo\":{\"@type\":\"ImageObject\",\"inLanguage\":\"it-IT\",\"@id\":\"https:\\\/\\\/www.azurbikini.com\\\/it\\\/#\\\/schema\\\/logo\\\/image\\\/\",\"url\":\"https:\\\/\\\/www.azurbikini.com\\\/wp-content\\\/uploads\\\/2017\\\/03\\\/Azur_bikini_logotype.png\",\"contentUrl\":\"https:\\\/\\\/www.azurbikini.com\\\/wp-content\\\/uploads\\\/2017\\\/03\\\/Azur_bikini_logotype.png\",\"width\":400,\"height\":200,\"caption\":\"AZUR BIKINI\"},\"image\":{\"@id\":\"https:\\\/\\\/www.azurbikini.com\\\/it\\\/#\\\/schema\\\/logo\\\/image\\\/\"},\"sameAs\":[\"https:\\\/\\\/www.facebook.com\\\/azurbikini\\\/\",\"https:\\\/\\\/www.instagram.com\\\/azurbikini\\\/\"]}]}<\/script>\n<!-- \/ Yoast SEO plugin. -->","yoast_head_json":{"title":"PRIVACY POLICY | Azur Bikini | Handmade in Italy - Venezia","description":"(Italiano) Acquista online i nostri bikini sartoriali, \u00e8 facile e sicuro! Ora disponibile la nuova collezione Azur Bikini 2019 e scegli il tuo costume preferito","robots":{"index":"index","follow":"follow","max-snippet":"max-snippet:-1","max-image-preview":"max-image-preview:large","max-video-preview":"max-video-preview:-1"},"canonical":"https:\/\/www.azurbikini.com\/it\/privacy-policy\/","og_locale":"it_IT","og_type":"article","og_title":"PRIVACY POLICY | Azur Bikini | Handmade in Italy - Venezia","og_description":"(Italiano) Acquista online i nostri bikini sartoriali, \u00e8 facile e sicuro! Ora disponibile la nuova collezione Azur Bikini 2019 e scegli il tuo costume preferito","og_url":"https:\/\/www.azurbikini.com\/it\/privacy-policy\/","og_site_name":"Azur Bikini","article_publisher":"https:\/\/www.facebook.com\/azurbikini\/","article_modified_time":"2019-04-17T10:31:28+00:00","twitter_card":"summary_large_image","twitter_misc":{"Tempo di lettura stimato":"10 minuti"},"schema":{"@context":"https:\/\/schema.org","@graph":[{"@type":"WebPage","@id":"https:\/\/www.azurbikini.com\/it\/privacy-policy\/","url":"https:\/\/www.azurbikini.com\/it\/privacy-policy\/","name":"PRIVACY POLICY | Azur Bikini | Handmade in Italy - Venezia","isPartOf":{"@id":"https:\/\/www.azurbikini.com\/it\/#website"},"datePublished":"2017-03-10T11:57:02+00:00","dateModified":"2019-04-17T10:31:28+00:00","description":"(Italiano) Acquista online i nostri bikini sartoriali, \u00e8 facile e sicuro! Ora disponibile la nuova collezione Azur Bikini 2019 e scegli il tuo costume preferito","breadcrumb":{"@id":"https:\/\/www.azurbikini.com\/it\/privacy-policy\/#breadcrumb"},"inLanguage":"it-IT","potentialAction":[{"@type":"ReadAction","target":[["https:\/\/www.azurbikini.com\/it\/privacy-policy\/"]]}]},{"@type":"BreadcrumbList","@id":"https:\/\/www.azurbikini.com\/it\/privacy-policy\/#breadcrumb","itemListElement":[{"@type":"ListItem","position":1,"name":"Home","item":"https:\/\/www.azurbikini.com\/it\/"},{"@type":"ListItem","position":2,"name":"PRIVACY POLICY"}]},{"@type":"WebSite","@id":"https:\/\/www.azurbikini.com\/it\/#website","url":"https:\/\/www.azurbikini.com\/it\/","name":"Azur Bikini","description":"Handmade in Italy - Venezia","publisher":{"@id":"https:\/\/www.azurbikini.com\/it\/#organization"},"potentialAction":[{"@type":"SearchAction","target":{"@type":"EntryPoint","urlTemplate":"https:\/\/www.azurbikini.com\/it\/?s={search_term_string}"},"query-input":{"@type":"PropertyValueSpecification","valueRequired":true,"valueName":"search_term_string"}}],"inLanguage":"it-IT"},{"@type":"Organization","@id":"https:\/\/www.azurbikini.com\/it\/#organization","name":"AZUR BIKINI","url":"https:\/\/www.azurbikini.com\/it\/","logo":{"@type":"ImageObject","inLanguage":"it-IT","@id":"https:\/\/www.azurbikini.com\/it\/#\/schema\/logo\/image\/","url":"https:\/\/www.azurbikini.com\/wp-content\/uploads\/2017\/03\/Azur_bikini_logotype.png","contentUrl":"https:\/\/www.azurbikini.com\/wp-content\/uploads\/2017\/03\/Azur_bikini_logotype.png","width":400,"height":200,"caption":"AZUR BIKINI"},"image":{"@id":"https:\/\/www.azurbikini.com\/it\/#\/schema\/logo\/image\/"},"sameAs":["https:\/\/www.facebook.com\/azurbikini\/","https:\/\/www.instagram.com\/azurbikini\/"]}]}},"_links":{"self":[{"href":"https:\/\/www.azurbikini.com\/it\/wp-json\/wp\/v2\/pages\/383","targetHints":{"allow":["GET"]}}],"collection":[{"href":"https:\/\/www.azurbikini.com\/it\/wp-json\/wp\/v2\/pages"}],"about":[{"href":"https:\/\/www.azurbikini.com\/it\/wp-json\/wp\/v2\/types\/page"}],"author":[{"embeddable":true,"href":"https:\/\/www.azurbikini.com\/it\/wp-json\/wp\/v2\/users\/1"}],"replies":[{"embeddable":true,"href":"https:\/\/www.azurbikini.com\/it\/wp-json\/wp\/v2\/comments?post=383"}],"version-history":[{"count":7,"href":"https:\/\/www.azurbikini.com\/it\/wp-json\/wp\/v2\/pages\/383\/revisions"}],"predecessor-version":[{"id":2668,"href":"https:\/\/www.azurbikini.com\/it\/wp-json\/wp\/v2\/pages\/383\/revisions\/2668"}],"wp:attachment":[{"href":"https:\/\/www.azurbikini.com\/it\/wp-json\/wp\/v2\/media?parent=383"}],"curies":[{"name":"wp","href":"https:\/\/api.w.org\/{rel}","templated":true}]}}