{"id":373,"date":"2017-03-08T15:41:16","date_gmt":"2017-03-08T14:41:16","guid":{"rendered":"http:\/\/192.168.1.64\/azurbikini.com\/?page_id=373"},"modified":"2019-04-17T11:53:54","modified_gmt":"2019-04-17T09:53:54","slug":"come-acquistare","status":"publish","type":"page","link":"https:\/\/www.azurbikini.com\/en\/come-acquistare\/","title":{"rendered":"ORDERING"},"content":{"rendered":"<p>Guarda la nostra collezione sartoriale e scegli il bikini che pi\u00f9 desideri. Tutti i nostri costumi sono realizzati e decorati a mano in Italia, utilizzando materiali di altissima qualit\u00e0.<\/p>\n<p>La procedura \u00e8 semplice e veloce e potrai accedere al tuo profilo, visualizzare gli ordini e procedere all\u2019 acquisto in tutta sicurezza.<\/p>\n\n\n<p><\/p>\n","protected":false},"excerpt":{"rendered":"<p>Guarda la nostra collezione sartoriale e scegli il bikini che pi\u00f9 desideri. Tutti i nostri costumi sono realizzati e decorati a mano in Italia, utilizzando materiali di altissima qualit\u00e0. La procedura \u00e8 semplice e veloce e potrai accedere al tuo profilo, visualizzare gli ordini e procedere all\u2019 acquisto in tutta sicurezza.<\/p>\n","protected":false},"author":1,"featured_media":0,"parent":0,"menu_order":0,"comment_status":"closed","ping_status":"closed","template":"","meta":{"footnotes":""},"class_list":["post-373","page","type-page","status-publish","hentry"],"yoast_head":"<!-- This site is optimized with the Yoast SEO plugin v27.3 - https:\/\/yoast.com\/product\/yoast-seo-wordpress\/ -->\n<title>ORDERING | Azur Bikini | Sartorial - Made in Venice<\/title>\n<meta name=\"description\" content=\"(Italiano) Acquista online i nostri bikini sartoriali, \u00e8 facile e sicuro! Ora disponibile la nuova collezione Azur Bikini 2019 e scegli il tuo costume preferito\" \/>\n<meta name=\"robots\" content=\"index, follow, max-snippet:-1, max-image-preview:large, max-video-preview:-1\" \/>\n<link rel=\"canonical\" href=\"https:\/\/www.azurbikini.com\/en\/come-acquistare\/\" \/>\n<meta property=\"og:locale\" content=\"en_US\" \/>\n<meta property=\"og:type\" content=\"article\" \/>\n<meta property=\"og:title\" content=\"ORDERING | Azur Bikini | Sartorial - Made in Venice\" \/>\n<meta property=\"og:description\" content=\"(Italiano) Acquista online i nostri bikini sartoriali, \u00e8 facile e sicuro! Ora disponibile la nuova collezione Azur Bikini 2019 e scegli il tuo costume preferito\" \/>\n<meta property=\"og:url\" content=\"https:\/\/www.azurbikini.com\/en\/come-acquistare\/\" \/>\n<meta property=\"og:site_name\" content=\"Azur Bikini\" \/>\n<meta property=\"article:publisher\" content=\"https:\/\/www.facebook.com\/azurbikini\/\" \/>\n<meta property=\"article:modified_time\" content=\"2019-04-17T09:53:54+00:00\" \/>\n<meta name=\"twitter:card\" content=\"summary_large_image\" \/>\n<script type=\"application\/ld+json\" class=\"yoast-schema-graph\">{\"@context\":\"https:\\\/\\\/schema.org\",\"@graph\":[{\"@type\":\"WebPage\",\"@id\":\"https:\\\/\\\/www.azurbikini.com\\\/en\\\/come-acquistare\\\/\",\"url\":\"https:\\\/\\\/www.azurbikini.com\\\/en\\\/come-acquistare\\\/\",\"name\":\"ORDERING | Azur Bikini | Sartorial - Made in Venice\",\"isPartOf\":{\"@id\":\"https:\\\/\\\/www.azurbikini.com\\\/en\\\/#website\"},\"datePublished\":\"2017-03-08T14:41:16+00:00\",\"dateModified\":\"2019-04-17T09:53:54+00:00\",\"description\":\"(Italiano) Acquista online i nostri bikini sartoriali, \u00e8 facile e sicuro! Ora disponibile la nuova collezione Azur Bikini 2019 e scegli il tuo costume preferito\",\"breadcrumb\":{\"@id\":\"https:\\\/\\\/www.azurbikini.com\\\/en\\\/come-acquistare\\\/#breadcrumb\"},\"inLanguage\":\"en-US\",\"potentialAction\":[{\"@type\":\"ReadAction\",\"target\":[[\"https:\\\/\\\/www.azurbikini.com\\\/en\\\/come-acquistare\\\/\"]]}]},{\"@type\":\"BreadcrumbList\",\"@id\":\"https:\\\/\\\/www.azurbikini.com\\\/en\\\/come-acquistare\\\/#breadcrumb\",\"itemListElement\":[{\"@type\":\"ListItem\",\"position\":1,\"name\":\"Home\",\"item\":\"https:\\\/\\\/www.azurbikini.com\\\/en\\\/\"},{\"@type\":\"ListItem\",\"position\":2,\"name\":\"Come acquistare\"}]},{\"@type\":\"WebSite\",\"@id\":\"https:\\\/\\\/www.azurbikini.com\\\/en\\\/#website\",\"url\":\"https:\\\/\\\/www.azurbikini.com\\\/en\\\/\",\"name\":\"Azur Bikini\",\"description\":\"Sartorial - Made in Venice\",\"publisher\":{\"@id\":\"https:\\\/\\\/www.azurbikini.com\\\/en\\\/#organization\"},\"potentialAction\":[{\"@type\":\"SearchAction\",\"target\":{\"@type\":\"EntryPoint\",\"urlTemplate\":\"https:\\\/\\\/www.azurbikini.com\\\/en\\\/?s={search_term_string}\"},\"query-input\":{\"@type\":\"PropertyValueSpecification\",\"valueRequired\":true,\"valueName\":\"search_term_string\"}}],\"inLanguage\":\"en-US\"},{\"@type\":\"Organization\",\"@id\":\"https:\\\/\\\/www.azurbikini.com\\\/en\\\/#organization\",\"name\":\"AZUR BIKINI\",\"url\":\"https:\\\/\\\/www.azurbikini.com\\\/en\\\/\",\"logo\":{\"@type\":\"ImageObject\",\"inLanguage\":\"en-US\",\"@id\":\"https:\\\/\\\/www.azurbikini.com\\\/en\\\/#\\\/schema\\\/logo\\\/image\\\/\",\"url\":\"https:\\\/\\\/www.azurbikini.com\\\/wp-content\\\/uploads\\\/2017\\\/03\\\/Azur_bikini_logotype.png\",\"contentUrl\":\"https:\\\/\\\/www.azurbikini.com\\\/wp-content\\\/uploads\\\/2017\\\/03\\\/Azur_bikini_logotype.png\",\"width\":400,\"height\":200,\"caption\":\"AZUR BIKINI\"},\"image\":{\"@id\":\"https:\\\/\\\/www.azurbikini.com\\\/en\\\/#\\\/schema\\\/logo\\\/image\\\/\"},\"sameAs\":[\"https:\\\/\\\/www.facebook.com\\\/azurbikini\\\/\",\"https:\\\/\\\/www.instagram.com\\\/azurbikini\\\/\"]}]}<\/script>\n<!-- \/ Yoast SEO plugin. -->","yoast_head_json":{"title":"ORDERING | Azur Bikini | Sartorial - Made in Venice","description":"(Italiano) Acquista online i nostri bikini sartoriali, \u00e8 facile e sicuro! Ora disponibile la nuova collezione Azur Bikini 2019 e scegli il tuo costume preferito","robots":{"index":"index","follow":"follow","max-snippet":"max-snippet:-1","max-image-preview":"max-image-preview:large","max-video-preview":"max-video-preview:-1"},"canonical":"https:\/\/www.azurbikini.com\/en\/come-acquistare\/","og_locale":"en_US","og_type":"article","og_title":"ORDERING | Azur Bikini | Sartorial - Made in Venice","og_description":"(Italiano) Acquista online i nostri bikini sartoriali, \u00e8 facile e sicuro! Ora disponibile la nuova collezione Azur Bikini 2019 e scegli il tuo costume preferito","og_url":"https:\/\/www.azurbikini.com\/en\/come-acquistare\/","og_site_name":"Azur Bikini","article_publisher":"https:\/\/www.facebook.com\/azurbikini\/","article_modified_time":"2019-04-17T09:53:54+00:00","twitter_card":"summary_large_image","schema":{"@context":"https:\/\/schema.org","@graph":[{"@type":"WebPage","@id":"https:\/\/www.azurbikini.com\/en\/come-acquistare\/","url":"https:\/\/www.azurbikini.com\/en\/come-acquistare\/","name":"ORDERING | Azur Bikini | Sartorial - Made in Venice","isPartOf":{"@id":"https:\/\/www.azurbikini.com\/en\/#website"},"datePublished":"2017-03-08T14:41:16+00:00","dateModified":"2019-04-17T09:53:54+00:00","description":"(Italiano) Acquista online i nostri bikini sartoriali, \u00e8 facile e sicuro! Ora disponibile la nuova collezione Azur Bikini 2019 e scegli il tuo costume preferito","breadcrumb":{"@id":"https:\/\/www.azurbikini.com\/en\/come-acquistare\/#breadcrumb"},"inLanguage":"en-US","potentialAction":[{"@type":"ReadAction","target":[["https:\/\/www.azurbikini.com\/en\/come-acquistare\/"]]}]},{"@type":"BreadcrumbList","@id":"https:\/\/www.azurbikini.com\/en\/come-acquistare\/#breadcrumb","itemListElement":[{"@type":"ListItem","position":1,"name":"Home","item":"https:\/\/www.azurbikini.com\/en\/"},{"@type":"ListItem","position":2,"name":"Come acquistare"}]},{"@type":"WebSite","@id":"https:\/\/www.azurbikini.com\/en\/#website","url":"https:\/\/www.azurbikini.com\/en\/","name":"Azur Bikini","description":"Sartorial - Made in Venice","publisher":{"@id":"https:\/\/www.azurbikini.com\/en\/#organization"},"potentialAction":[{"@type":"SearchAction","target":{"@type":"EntryPoint","urlTemplate":"https:\/\/www.azurbikini.com\/en\/?s={search_term_string}"},"query-input":{"@type":"PropertyValueSpecification","valueRequired":true,"valueName":"search_term_string"}}],"inLanguage":"en-US"},{"@type":"Organization","@id":"https:\/\/www.azurbikini.com\/en\/#organization","name":"AZUR BIKINI","url":"https:\/\/www.azurbikini.com\/en\/","logo":{"@type":"ImageObject","inLanguage":"en-US","@id":"https:\/\/www.azurbikini.com\/en\/#\/schema\/logo\/image\/","url":"https:\/\/www.azurbikini.com\/wp-content\/uploads\/2017\/03\/Azur_bikini_logotype.png","contentUrl":"https:\/\/www.azurbikini.com\/wp-content\/uploads\/2017\/03\/Azur_bikini_logotype.png","width":400,"height":200,"caption":"AZUR BIKINI"},"image":{"@id":"https:\/\/www.azurbikini.com\/en\/#\/schema\/logo\/image\/"},"sameAs":["https:\/\/www.facebook.com\/azurbikini\/","https:\/\/www.instagram.com\/azurbikini\/"]}]}},"_links":{"self":[{"href":"https:\/\/www.azurbikini.com\/en\/wp-json\/wp\/v2\/pages\/373","targetHints":{"allow":["GET"]}}],"collection":[{"href":"https:\/\/www.azurbikini.com\/en\/wp-json\/wp\/v2\/pages"}],"about":[{"href":"https:\/\/www.azurbikini.com\/en\/wp-json\/wp\/v2\/types\/page"}],"author":[{"embeddable":true,"href":"https:\/\/www.azurbikini.com\/en\/wp-json\/wp\/v2\/users\/1"}],"replies":[{"embeddable":true,"href":"https:\/\/www.azurbikini.com\/en\/wp-json\/wp\/v2\/comments?post=373"}],"version-history":[{"count":5,"href":"https:\/\/www.azurbikini.com\/en\/wp-json\/wp\/v2\/pages\/373\/revisions"}],"predecessor-version":[{"id":2657,"href":"https:\/\/www.azurbikini.com\/en\/wp-json\/wp\/v2\/pages\/373\/revisions\/2657"}],"wp:attachment":[{"href":"https:\/\/www.azurbikini.com\/en\/wp-json\/wp\/v2\/media?parent=373"}],"curies":[{"name":"wp","href":"https:\/\/api.w.org\/{rel}","templated":true}]}}